{"id":482,"date":"2021-11-17T10:22:05","date_gmt":"2021-11-17T09:22:05","guid":{"rendered":"https:\/\/shop.augustushotelresort.com\/?page_id=482"},"modified":"2021-11-24T10:43:26","modified_gmt":"2021-11-24T09:43:26","slug":"termini-e-condizioni","status":"publish","type":"page","link":"https:\/\/shop.augustushotelresort.com\/it\/termini-e-condizioni\/","title":{"rendered":"Termini e Condizioni"},"content":{"rendered":"\n<p>Benvenuti in <strong>shop.augustushotelresort.com<\/strong>. In questa pagina (e nei documenti a cui si fa riferimento) troverai i termini e le condizioni di servizio (\u201c<strong>Condizioni Generali<\/strong>\u201c) che si applicano quando si ordinano i prodotti (i \u201c<strong>Prodotti<\/strong>\u201c) dal nostro sito web https:\/\/shop.augustushotelresort.com (\u201c<strong>Applicazione<\/strong>\u201c).<\/p>\n\n\n\n<p>Si prega di leggere attentamente queste <strong>Condizioni Generali<\/strong> prima di ordinare qualsiasi Articolo dalla nostra Applicazione. In caso di domande relative alle presenti <strong>Condizioni Generali<\/strong> contattare <strong>shop.augustushotelresort.com <\/strong>all\u2019indirizzo di posta elettronica <a href=\"mailto:info@augustus-hotel.it\"><strong>info@augustus-hotel.it<\/strong><\/a> prima di effettuare un ordine. Se sei un consumatore, considera che hai alcuni diritti speciali quando ordini prodotti usando la nostra applicazione.<\/p>\n\n\n\n<p>Per prendere visione di tutti i diritti applicabili potrai fare riferimento al Decreto Legislativo 6 settembre 2005, n. 206 (\u201c<strong>Codice del Consumo<\/strong>\u201c).<\/p>\n\n\n\n<p>I tuoi diritti non sono in alcun modo superati dalle presenti Condizioni Generali, che si applicano in aggiunta ai diritti legali e non li sostituiscono. Con la creazione del tuo account di <strong>shop.augustushotelresort.com<\/strong>, confermi di accettare le presenti Condizioni Generali.<\/p>\n\n\n\n<h3 class=\"wp-block-heading\">Informazioni Generali<\/h3>\n\n\n\n<p><strong><strong>shop.augustushotelresort.com<\/strong> <\/strong> \u00e8 gestito da (di seguito, \u201c<strong>Venditore<\/strong>\u201c): <\/p>\n\n\n\n<p><strong>S.E.A.R. srl<\/strong> <br>Viale Morin 169<br>55042 Forte dei Marmi<br>C.F.\/P.Iva 00213270465<br>e-mail: <a href=\"mailto:info@augustus-hotel.it\">info@augustus-hotel.it<\/a>. <br><\/p>\n\n\n\n<p><strong>PREMESSO<\/strong><\/p>\n\n\n\n<p>\u00b7 che il sito \u00e8 destinato a transazioni commerciali tra imprenditore e consumatori (<strong>B2C<\/strong>);<\/p>\n\n\n\n<p>\u00b7 che, con l\u2019espressione \u201cCondizioni Generali di Vendita Online\u201d, s\u2019intende il contratto di compravendita relativo ai beni di consumo del Venditore stipulato tra questi e l\u2019Acquirente nell\u2019ambito di un sistema di vendita a distanza organizzato dal Venditore;<\/p>\n\n\n\n<p>\u00b7 che il marchio e il logo relativi al sito sono di esclusiva propriet\u00e0 del Venditore;<\/p>\n\n\n\n<p>\u00b7 che le presenti condizioni di vendita disciplinano la vendita online tra <strong>S.E.A.R. srl<\/strong> &nbsp;e l\u2019Acquirente;<\/p>\n\n\n\n<p>\u00b7 che le presenti premesse costituiscono parte integrante e sostanziale del contratto;<\/p>\n\n\n\n<p><strong>si conviene quanto segue:<\/strong><\/p>\n\n\n\n<p><strong>1. Oggetto del contratto<\/strong><\/p>\n\n\n\n<p>1.1. Le presenti condizioni generali, che vengono messe nella disponibilit\u00e0 dell\u2019Acquirente per la riproduzione e conservazione ai sensi dell\u2019art. 12, D.Lgs. 9 aprile 2003, n. 70, hanno per oggetto l\u2019acquisto di prodotti, effettuato a distanza e per mezzo di rete telematica, tramite il Sito internet appartenente al Venditore, con sede in Viale Morin 169 55042 Forte dei Marmi \u2013 C.F.\/P.Iva 00213270465, e-mail: <a href=\"mailto:info@augustus-hotel.it\">info@augustus-hotel.it<\/a> . Tel: +39 0584 787200<\/p>\n\n\n\n<p>1.2. Con il presente contratto, rispettivamente, il Venditore vende e l\u2019Acquirente acquista a distanza i prodotti indicati ed offerti in vendita sul Sito del Venditore.<\/p>\n\n\n\n<p>1.3. Le caratteristiche principali dei prodotti di cui al punto precedente sono illustrate sul Sito del Venditore.<\/p>\n\n\n\n<p>1.4. Il Venditore si impegna a fornire i prodotti selezionati \u2013 nei limiti della loro disponibilit\u00e0 \u2013 dietro il pagamento di un corrispettivo di cui all\u2019art. 3 del presente contratto.<\/p>\n\n\n\n<p><strong>2. Accettazione delle condizioni di vendita<\/strong><\/p>\n\n\n\n<p>2.1. Tutti gli ordini di acquisto saranno inoltrati dall\u2019Acquirente al Venditore attraverso il completamento della procedura di acquisto indicata.<\/p>\n\n\n\n<p>2.2. Le presenti condizioni generali di vendita devono essere esaminate \u201con line\u201d dall\u2019Acquirente, prima del completamento della procedura di acquisto. L\u2019inoltro dell\u2019ordine d\u2019acquisto da parte dell\u2019Acquirente, pertanto, implica totale conoscenza delle stesse e loro integrale accettazione.<\/p>\n\n\n\n<p>2.3. L\u2019Acquirente, inviando telematicamente la conferma del proprio ordine d\u2019acquisto, accetta incondizionatamente e si obbliga ad osservare, nei suoi rapporti con il Venditore le condizioni generali e di pagamento di seguito illustrate, dichiarando di aver preso visione ed accettando tutte le indicazioni da lui fornite ai sensi delle norme sopra richiamate, prendendo altres\u00ec atto che il Venditore non si ritiene vincolato a condizioni diverse, se non preventivamente concordate per iscritto.<\/p>\n\n\n\n<p>2.4. L\u2019accettazione delle condizioni di vendita va manifestata tramite l\u2019esatta compilazione di tutte le sezioni del form elettronico, seguendo le istruzioni a video e, da ultimo, selezionando le caselle con la dicitura ACCETTAZIONE CONDIZIONI DI VENDITA e INFORMATIVA PRIVACY, con ci\u00f2 accettando integralmente i contenuti di tali documenti.<\/p>\n\n\n\n<p><strong>3. Modalit\u00e0 d\u2019acquisto e prezzi di vendita<\/strong><\/p>\n\n\n\n<p>3.1. I prezzi di vendita dei prodotti presenti sul Sito sono espressi in euro e sono soggetti a conferma espressa via e-mail da parte del Venditore, la quale costituisce accettazione dell\u2019ordine di acquisto.<\/p>\n\n\n\n<p>3.2. I prezzi dei prodotti pubblicati nella homepage o nelle diverse sezioni del Sito sono inclusi di Iva. I prezzi di spedizione verranno calcolati e saranno visibili al momento dell\u2019inserimento dell\u2019ordine stesso. Il costo totale della spedizione sino al domicilio dell\u2019Acquirente \u00e8 a carico dello stesso, salvo eccezioni e deroghe che verranno appositamente pubblicizzate sul sito e\/o comunicate via e-mail. Il costo viene, in ogni caso, reso noto all\u2019Acquirente prima della conferma dell\u2019ordine d\u2019acquisto.<\/p>\n\n\n\n<p>3.3 Il ricevimento dell\u2019ordine non impegna il Venditore fino a quando il medesimo non abbia espressamente accettato l\u2019ordine stesso tramite posta elettronica. Il Venditore, con e-mail contenente un riepilogo degli estremi dell\u2019ordine, previa verifica della disponibilit\u00e0 del prodotto prescelto, confermer\u00e0 e accetter\u00e0 formalmente l\u2019ordine ricevuto. <\/p>\n\n\n\n<p>3.4. L\u2019Acquirente attribuisce espressamente al Venditore la facolt\u00e0 di accettare anche solo parzialmente l\u2019ordine effettuato (per esempio nel caso in cui non vi sia la disponibilit\u00e0 di tutti i prodotti ordinati). In tal caso il contratto si intender\u00e0 perfezionato relativamente alla merce concretamente venduta.<\/p>\n\n\n\n<p><strong>4. Conclusione del contratto<\/strong><\/p>\n\n\n\n<p>4.1. Il Contratto stipulato tramite il Sito si intende concluso nel momento in cui l\u2019Acquirente riceve, via e-mail, la formale conferma dell\u2019ordine, attraverso la quale il Venditore accetta l\u2019ordine inviato dall\u2019Acquirente e lo informa di poter procedere all\u2019evasione dello stesso. Il Contratto si conclude nel luogo in cui \u00e8 situata la sede legale del Venditore.<\/p>\n\n\n\n<p><strong>5. Modalit\u00e0 di pagamento<\/strong><\/p>\n\n\n\n<p>5.1 Ogni pagamento da parte dell\u2019Acquirente potr\u00e0 avvenire unicamente per mezzo di uno dei metodi indicati:<\/p>\n\n\n\n<p>a) pagamento online tramite NEXI;<\/p>\n\n\n\n<p><strong>6. Modalit\u00e0 di consegna<\/strong><\/p>\n\n\n\n<p>6.1. Il Venditore provveder\u00e0 a recapitare all\u2019Acquirente, presso l\u2019indirizzo indicato da questi, i prodotti selezionati e ordinati, con le modalit\u00e0 previste dai precedenti articoli, mediante corrieri e\/o spedizionieri di fiducia. Le consegne saranno effettuate, a seconda dell\u2019articolo scelto, entro i termini indicati sul sito web del Venditore e nella e-mail di conferma che verr\u00e0 inviata all\u2019Acquirente. Nel caso in cui il Venditore non sia in grado di effettuare la spedizione entro i termini ivi indicati, ne verr\u00e0 dato tempestivo avviso tramite e-mail all\u2019Acquirente. La merce ordinata verr\u00e0 in ogni caso spedita ad avvenuto pagamento della stessa e pertanto da tale momento decorre il termine per la consegna.<\/p>\n\n\n\n<p>6.2. Ove l\u2019Acquirente sia assente al momento della consegna, verr\u00e0 lasciato un avviso con le indicazioni necessarie per contattare il corriere o lo spedizioniere al fine di concordare le modalit\u00e0 di consegna.<\/p>\n\n\n\n<p>6.3. Il Venditore non sar\u00e0 responsabile per il ritardo o la mancata consegna dovuti ad un\u2019errata o incompleta comunicazione dell\u2019indirizzo da parte dell\u2019Acquirente.<\/p>\n\n\n\n<p>6.4. All\u2019atto del ricevimento della merce, l\u2019Acquirente \u00e8 tenuto a verificare la conformit\u00e0 del prodotto a lui consegnato con l\u2019ordine effettuato; solo dopo tale verifica si dovr\u00e0 procedere alla sottoscrizione dei documenti di consegna, salvo ovviamente il diritto di recesso previsto all\u2019art. 10 delle presenti condizioni.<\/p>\n\n\n\n<p><strong>7. Limitazioni di responsabilit\u00e0<\/strong><\/p>\n\n\n\n<p>7.1. Il Venditore non si assume alcuna responsabilit\u00e0 per il ritardo o la mancata consegna del bene imputabile a cause di forza maggiore quali incidenti, esplosioni, incendi, scioperi e\/o serrate, terremoti, alluvioni ed altri similari eventi che impedissero, in tutto o in parte, di dare esecuzione al contratto nei tempi concordati.<\/p>\n\n\n\n<p>7.2. Il Venditore non potr\u00e0 essere ritenuto responsabile nei confronti dell\u2019Acquirente, salvo il caso di dolo o colpa grave, per disservizi o malfunzionamenti connessi all\u2019utilizzo della rete internet che siano al di fuori del controllo del Venditore.<\/p>\n\n\n\n<p>7.3. Il Venditore non sar\u00e0 responsabile nei confronti di alcuna parte o di terzi in merito a danni, perdite e costi subiti a seguito della mancata esecuzione del contratto per le cause sopra citate, avendo l\u2019Acquirente diritto soltanto alla restituzione del prezzo eventualmente corrisposto.<\/p>\n\n\n\n<p>7.4. Il Venditore non si assume alcuna responsabilit\u00e0 per l\u2019eventuale uso fraudolento ed illecito che possa essere fatto da parte di terzi, delle carte di credito, assegni ed altri mezzi di pagamento, all\u2019atto del pagamento dei prodotti acquistati, qualora dimostri di aver adottato tutte le cautele possibili in base alla miglior scienza ed esperienza del momento ed in base alla ordinaria diligenza.<\/p>\n\n\n\n<p><strong>8. Annullamento<\/strong><\/p>\n\n\n\n<p><strong><strong>shop.augustushotelresort.com<\/strong> <\/strong>pu\u00f2 informarti che un ordine \u00e8 stato cancellato in qualsiasi momento. Non ti sar\u00e0 addebitato alcun ordine annullato da noi e ti rimborseremo qualsiasi pagamento gi\u00e0 effettuato utilizzando lo stesso metodo utilizzato per pagare il tuo ordine.<\/p>\n\n\n\n<p><strong>9. Obblighi dell\u2019Acquirente<\/strong><\/p>\n\n\n\n<p>9.1. L\u2019Acquirente si impegna a pagare il prezzo del prodotto acquistato nei tempi e modi indicati nelle presenti Condizioni Generali.<\/p>\n\n\n\n<p>9.2. L\u2019Acquirente si impegna e si obbliga, una volta conclusa la procedura d\u2019acquisto, a provvedere alla stampa ed alla conservazione delle presenti condizioni generali \u2013 che, peraltro, avr\u00e0 gi\u00e0 visionato ed accettato in quanto passaggio obbligato nella procedura di acquisto \u2013 nonch\u00e9 delle specifiche del prodotto oggetto dell\u2019acquisto, e ci\u00f2 al fine di soddisfare integralmente le condizioni di cui al D.Lgs. 6 settembre 2005, n. 206.<\/p>\n\n\n\n<p>9.3. \u00c8 fatto severo divieto all\u2019Acquirente di inserire dati falsi, e\/o inventati, e\/o di fantasia, nella procedura di registrazione attraverso l\u2019apposito&nbsp;<em>form<\/em>&nbsp;elettronico; i dati anagrafici e la e-mail devono corrispondere ai propri reali dati personali e non di terze persone, oppure di fantasia. L\u2019Acquirente si assume, pertanto, la piena responsabilit\u00e0 circa l\u2019esattezza e la veridicit\u00e0 dei dati immessi nel&nbsp;<em>form<\/em>&nbsp;elettronico di registrazione, finalizzati a completare la procedura di acquisto dei prodotti.<\/p>\n\n\n\n<p>9.4. L\u2019Acquirente manleva il Venditore da ogni responsabilit\u00e0 derivante dall\u2019emissione di documenti fiscali errati a causa di errori relativi ai dati forniti dall\u2019Acquirente, essendone quest\u2019ultimo l\u2019unico responsabile del corretto inserimento.<\/p>\n\n\n\n<p><strong>10. Diritto di recesso ai sensi del D.Lgs. n. 206\/2005<\/strong><\/p>\n\n\n\n<p>10.1. <strong>Il diritto di recesso<\/strong> \u00e8 riconosciuto limitatamente ai prodotti previsti dal&nbsp;<a href=\"http:\/\/www.sviluppoeconomico.gov.it\/images\/stories\/impresa\/consumatori\/CdConsumo2012.pdf\" target=\"_blank\" rel=\"noreferrer noopener\">D.Lgs. 6 settembre 2005, n. 206<\/a>&nbsp;<\/p>\n\n\n\n<p>10.2. Per i prodotti per i quali non \u00e8 escluso il diritto di recesso, l\u2019Acquirente ha il diritto di recedere dal contratto stipulato, senza alcuna penalit\u00e0 e senza specificarne il motivo, entro il termine di 14 (quattordici) giorni, decorrente dal giorno del ricevimento del prodotto acquistato.<\/p>\n\n\n\n<p>10.3. Nel caso in cui l\u2019Acquirente decida di avvalersi del diritto di recesso, deve darne comunicazione al Venditore, utilizzando il modulo tipo di recesso di cui all\u2019allegato I parte B del D.Lgs. n. 21\/2014, ovvero presentando una qualsiasi altra dichiarazione esplicita della sua decisione di recedere dal contratto. L\u2019onere della prova relativa all\u2019esercizio del diritto di recesso, conformemente al presente articolo, incombe sull\u2019Acquirente.<\/p>\n\n\n\n<p>10.4. La riconsegna del bene dovr\u00e0 avvenire senza indebito ritardo e comunque entro 14 (quattordici) giorni dalla data in cui l\u2019Acquirente ha comunicato al Venditore la sua decisione di recedere dal contratto. In ogni caso, per aver diritto al rimborso integrale del prezzo pagato, il bene dovr\u00e0 essere restituito integro e, comunque, in uno stato di conservazione tale in quanto risultante dalla necessaria verifica dei beni per stabilire la natura, le caratteristiche e il funzionamento degli stessi.<\/p>\n\n\n\n<p>10.5. L\u2019Acquirente non pu\u00f2 esercitare il diritto di recesso per i contratti di acquisto per beni confezionati su misura o chiaramente personalizzati o che, per loro natura, non possano essere rispediti o rischino di deteriorarsi o alterarsi rapidamente.<\/p>\n\n\n\n<p>10.6. L\u2019Acquirente che esercita l\u2019esercizio del diritto di recesso a norma del presente articolo, dovr\u00e0 sostenere le spese dirette di restituzione del bene al Venditore.<\/p>\n\n\n\n<p>10.7. All\u2019Acquirente che eserciti il diritto di recesso conformemente a quanto stabilito saranno rimborsate le somme gi\u00e0 versate, ad eccezione dei costi supplementari connessi al tipo di consegna espressamente scelto dall\u2019Acquirente e diverso dal tipo meno costoso offerto dal Venditore. Dette somme verranno rifuse senza indebito ritardo e comunque entro 14 (quattordici) giorni, a partire dal giorno in cui il Venditore \u00e8 stato informato della decisione dell\u2019Acquirente di recedere dal contratto. Salvo che il Venditore abbia offerto di ritirare egli stesso i beni, il Venditore pu\u00f2 tuttavia trattenere il rimborso finch\u00e9 non abbia ricevuto i beni oppure finch\u00e9 l\u2019Acquirente non abbia dimostrato di aver rispedito i beni, a seconda di quale situazione si verifichi per prima.<\/p>\n\n\n\n<p>10.8. Al ricevimento della comunicazione in cui l\u2019Acquirente rende noto al Venditore di esercitare il diritto di recesso, le Parti sono sollevate dai reciproci obblighi, fermo restando quanto previsto nel presente articolo.<\/p>\n\n\n\n<p><strong>11. Comunicazioni<\/strong><\/p>\n\n\n\n<p>11.1. Fatti salvi i casi espressamente indicati, o stabiliti da obblighi di legge, le comunicazioni tra il Venditore e l\u2019Acquirente avranno luogo preferibilmente per il tramite di messaggi e-mail ai rispettivi indirizzi elettronici che saranno da entrambe le parti considerati valido mezzo di comunicazione e la cui produzione in giudizio non potr\u00e0 essere oggetto di contestazione per il solo fatto di essere documenti informatici.<\/p>\n\n\n\n<p>11.2. Le comunicazioni scritte dirette al Venditore, nonch\u00e9 gli eventuali reclami saranno ritenuti validi unicamente ove inviati al seguente indirizzo: <strong>S.E.A.R. SRL<\/strong>, con sede legale in Viale Morin 169 \u2013 55042 Forte dei Marmi (LU) , e-mail: <a href=\"mailto:info@augustus-hotel.it\">info@augustus-hotel.it<\/a><\/p>\n\n\n\n<p>11.3. Entrambe le parti potranno in qualsivoglia momento cambiare il proprio indirizzo e-mail ai fini del presente articolo, purch\u00e9 ne diano tempestiva comunicazione all\u2019altra parte nel rispetto delle forme stabilite dal comma precedente.<\/p>\n\n\n\n<p><strong>12. Trattamento dei dati personali<\/strong><\/p>\n\n\n\n<p>12.1. L\u2019Acquirente dichiara espressamente di aver preso visione sia dell\u2019informativa prevista dall\u2019art. 13 del D.Lgs. 30 giugno 2003, n. 196 (Codice Privacy), nonch\u00e9 ai sensi degli artt.13 e 14 del Regolamento UE 679\/2016 &#8211; Regolamento Generale sulla Protezione dei Dati (\u201cRGPD\u201d), sia della \u201c<a href=\"\/augustusshop\/it?page_id=402\"><em>privacy policy<\/em><\/a>\u201d del Sito.<\/p>\n\n\n\n<p>I diritti derivanti dalla normativa sulla privacy e gli obblighi di informativa da essa nascenti a carico del Venditore sono esaminati \u201con line\u201d, prima del completamento della procedura di acquisto. L\u2019inoltro della conferma d\u2019ordine pertanto implica totale conoscenza degli stessi.<\/p>\n\n\n\n<p>12.2. Il Venditore tutela la riservatezza dei clienti e garantisce che il trattamento dei dati \u00e8 conforme a quanto previsto dalla normativa sulla privacy di cui al D.Lgs. 30 giugno 2003, n. 196, come modificato dal D.Lgs 101\/2018, e al Regolamento UE 679\/2016 .<\/p>\n\n\n\n<p>12.3. I dati personali anagrafici e fiscali acquisiti direttamente e\/o tramite terzi dal Venditore, titolare del trattamento, vengono raccolti e trattati in forma cartacea, informatica, telematica, in relazione alle modalit\u00e0 di trattamento con la finalit\u00e0 di registrare l\u2019ordine ed attivare nei suoi confronti le procedure per l\u2019esecuzione del presente contratto e le relative necessarie comunicazioni, oltre all\u2019adempimento degli eventuali obblighi di legge, nonch\u00e9 per consentire una efficace gestione dei rapporti commerciali nella misura necessaria per espletare al meglio il servizio richiesto (art. 24, comma 1, lett. b, D.Lgs. n. 196\/2003).<\/p>\n\n\n\n<p>12.4. Il Venditore si obbliga a trattare con riservatezza i dati e le informazioni trasmesse dall\u2019Acquirente e di non rivelarle a persone non autorizzate, n\u00e9 ad usarle per scopi diversi da quelli per i quali sono stati raccolti o a trasmetterli a terze parti. Tali dati potranno essere esibiti soltanto su richiesta dell\u2019autorit\u00e0 giudiziaria ovvero di altre autorit\u00e0 per legge autorizzate.<\/p>\n\n\n\n<p>12.5. I dati personali saranno comunicati, previa sottoscrizione di un impegno di riservatezza dei dati stessi, solo a soggetti delegati all\u2019espletamento delle attivit\u00e0 necessarie per l\u2019esecuzione del contratto stipulato e comunicati esclusivamente nell\u2019ambito di tale finalit\u00e0.<\/p>\n\n\n\n<p>12.6. L\u2019Acquirente gode dei diritti, sanciti dal GDPR 679\/2016 e cio\u00e8 dei i seguenti diritti:<\/p>\n\n\n\n<p>Informazione, Accesso ai dati, Rettifica dei dati, Cancellazione dei dati, Limitazione del trattamento, Portabilit\u00e0 dei dati, Proporre reclamo ad autorit\u00e0 di controllo, Revoca del consenso (L&#8217;eventuale revoca del consenso non pregiudica la liceit\u00e0 del trattamento basato sul consenso prestato prima della revoca)<\/p>\n\n\n\n<p>12.7. La comunicazione dei propri dati personali da parte dell\u2019Acquirente \u00e8 condizione necessaria per la corretta e tempestiva esecuzione del presente contratto. In difetto, non potr\u00e0 essere dato corso alla domanda dell\u2019Acquirente stesso.<\/p>\n\n\n\n<p>Tutti i dati personali conferiti saranno trattati nel rispetto dei principi di liceit\u00e0, correttezza, pertinenza e proporzionalit\u00e0, solo con le modalit\u00e0, anche informatiche e telematiche, strettamente necessarie per perseguire le finalit\u00e0 sopra descritte. In ogni caso, i dati personali saranno conservati per un periodo di tempo non superiore a quello strettamente necessario al conseguimento delle finalit\u00e0 indicate. I dati personali dei quali non \u00e8 necessaria la conservazione o per cui la conservazione non sia prevista dalla vigente normativa, in relazione agli scopi indicati, saranno cancellati o trasformati in forma anonima. Si evidenzia che i sistemi informativi impiegati per la gestione delle informazioni raccolte sono configurati, gi\u00e0 in origine, in modo da minimizzare l&#8217;utilizzo dei dati.<\/p>\n\n\n\n<p>12.9. Titolare della raccolta e del trattamento dei dati personali, \u00e8 il Venditore, al quale l\u2019Acquirente potr\u00e0 indirizzare presso la sede aziendale, ogni richiesta.<\/p>\n\n\n\n<p><strong>13. Foro competente<\/strong><\/p>\n\n\n\n<p>13.1. In caso di controversie derivanti dal presente contratto o ad esso collegate, le parti si impegnano a cercare tra loro un equo e bonario componimento.<\/p>\n\n\n\n<p>13.2. Ai sensi di quanto previsto dal Regolamento UE n. 524\/2013, il Venditore informa l\u2019Acquirente che \u00e8 stata istituita una piattaforma europea per la risoluzione on-line delle controversie dei consumatori (c.d. piattaforma ODR). La piattaforma ODR \u00e8 consultabile al seguente indirizzo&nbsp;<a href=\"http:\/\/ec.europa.eu\/consumers\/odr\/\">http:\/\/ec.europa.eu\/consumers\/odr\/<\/a>. La piattaforma ODR costituisce un punto di accesso per gli Acquirenti che desiderano risolvere in ambito extragiudiziale le controversie derivanti dai contratti di vendita o di servizi online. A tal fine si comunica che l\u2019indirizzo di posta elettronica del Venditore \u00e8 info@augustus-hotel.it<\/p>\n\n\n\n<p>13.3. Qualora la controversia non sia stata risolta bonariamente ovvero per mezzo di un organismo ADR adito tramite la piattaforma ODR, la stessa potr\u00e0 essere portata in qualunque momento alla cognizione esclusiva del Foro nel cui circondario ha il proprio domicilio l\u2019Acquirente, se ubicato nel territorio dello Stato, secondo quanto previsto dall\u2019art. 66-<em>bis<\/em>&nbsp;del D.Lgs. 206\/05; nell\u2019ipotesi in cui l\u2019Acquirente non rivesta lo status di consumatore finale si conviene che ogni controversia, anche in deroga alle norme relative alla competenza territoriale, sar\u00e0 di esclusiva competenza del Foro di Lucca.<\/p>\n\n\n\n<p><strong>14. Legge applicabile e rinvio<\/strong><\/p>\n\n\n\n<p>14.1. Il presente contratto \u00e8 regolato dalla legge italiana. <\/p>\n\n\n\n<p>14.2. Per quanto qui non espressamente disposto valgono le norme di legge applicabili ai rapporti e alle fattispecie previste nel presente contratto e, in ogni caso, le norme del Codice Civile e del D.Lgs. 6 settembre 2005, n. 206 (Codice del Consumo).<\/p>\n\n\n\n<p><strong>15. Clausole finali<\/strong><\/p>\n\n\n\n<p>15.1. Il presente contratto abroga e sostituisce ogni accordo, intesa, negoziazione, scritta od orale, intervenuta in precedenza tra le parti e concernente l\u2019oggetto di questo contratto.<\/p>\n\n\n\n<p>15.2. L\u2019eventuale inefficacia di talune clausole non inficia la validit\u00e0 dell\u2019intero contratto.<\/p>\n\n\n\n<p>15.3 Le presenti condizioni generali di vendita sono state redatte in lingua italiana. Nel caso insorgessero difficolt\u00e0 di interpretazione delle stesse, le parti convengono che sar\u00e0 ritenuto autentico ed efficace il testo in lingua italiana<\/p>\n","protected":false},"excerpt":{"rendered":"<p>Benvenuti in shop.augustushotelresort.com. In questa pagina (e nei documenti a cui si fa riferimento) troverai i termini e le condizioni di servizio (\u201cCondizioni Generali\u201c) che si applicano quando si ordinano i prodotti (i \u201cProdotti\u201c) dal nostro sito web https:\/\/shop.augustushotelresort.com (\u201cApplicazione\u201c). Si prega di leggere attentamente queste Condizioni Generali prima di ordinare qualsiasi Articolo dalla nostra [&hellip;]<\/p>\n","protected":false},"author":1,"featured_media":0,"parent":0,"menu_order":0,"comment_status":"closed","ping_status":"closed","template":"","meta":{"_acf_changed":false,"footnotes":""},"class_list":["post-482","page","type-page","status-publish","hentry"],"acf":[],"_links":{"self":[{"href":"https:\/\/shop.augustushotelresort.com\/it\/wp-json\/wp\/v2\/pages\/482","targetHints":{"allow":["GET"]}}],"collection":[{"href":"https:\/\/shop.augustushotelresort.com\/it\/wp-json\/wp\/v2\/pages"}],"about":[{"href":"https:\/\/shop.augustushotelresort.com\/it\/wp-json\/wp\/v2\/types\/page"}],"author":[{"embeddable":true,"href":"https:\/\/shop.augustushotelresort.com\/it\/wp-json\/wp\/v2\/users\/1"}],"replies":[{"embeddable":true,"href":"https:\/\/shop.augustushotelresort.com\/it\/wp-json\/wp\/v2\/comments?post=482"}],"version-history":[{"count":7,"href":"https:\/\/shop.augustushotelresort.com\/it\/wp-json\/wp\/v2\/pages\/482\/revisions"}],"predecessor-version":[{"id":595,"href":"https:\/\/shop.augustushotelresort.com\/it\/wp-json\/wp\/v2\/pages\/482\/revisions\/595"}],"wp:attachment":[{"href":"https:\/\/shop.augustushotelresort.com\/it\/wp-json\/wp\/v2\/media?parent=482"}],"curies":[{"name":"wp","href":"https:\/\/api.w.org\/{rel}","templated":true}]}}